{"id":2,"date":"2025-10-28T05:53:04","date_gmt":"2025-10-28T05:53:04","guid":{"rendered":"https:\/\/cohencalderonsoluciones.rkinformatika.online\/?page_id=2"},"modified":"2025-10-30T16:35:08","modified_gmt":"2025-10-30T16:35:08","slug":"inicio","status":"publish","type":"page","link":"https:\/\/cohencalderonsoluciones.com\/en\/","title":{"rendered":"Home"},"content":{"rendered":"<div data-elementor-type=\"wp-page\" data-elementor-id=\"2\" class=\"elementor elementor-2\" data-elementor-post-type=\"page\">\n\t\t\t\t<div class=\"elementor-element elementor-element-86a639a e-con-full e-flex e-con e-parent\" data-id=\"86a639a\" data-element_type=\"container\" data-e-type=\"container\" data-settings=\"{&quot;background_background&quot;:&quot;classic&quot;}\">\n\t\t<div class=\"elementor-element elementor-element-74edca3 e-con-full e-flex e-con e-child\" data-id=\"74edca3\" data-element_type=\"container\" data-e-type=\"container\">\n\t\t\t\t<div class=\"elementor-element elementor-element-2f2667b elementor-invisible elementor-widget elementor-widget-heading\" data-id=\"2f2667b\" data-element_type=\"widget\" data-e-type=\"widget\" data-settings=\"{&quot;_animation&quot;:&quot;fadeInRight&quot;}\" data-widget_type=\"heading.default\">\n\t\t\t\t\t<h2 class=\"elementor-heading-title elementor-size-default\">Cohen Calderon Soluciones S.L<\/h2>\t\t\t\t<\/div>\n\t\t\t\t<\/div>\n\t\t\t\t<\/div>\n\t\t<div class=\"elementor-element elementor-element-b089cd3 e-flex e-con-boxed e-con e-parent\" data-id=\"b089cd3\" data-element_type=\"container\" data-e-type=\"container\" data-settings=\"{&quot;background_background&quot;:&quot;classic&quot;}\">\n\t\t\t\t\t<div class=\"e-con-inner\">\n\t\t<div class=\"elementor-element elementor-element-d662f7f e-con-full e-flex e-con e-child\" data-id=\"d662f7f\" data-element_type=\"container\" data-e-type=\"container\">\n\t\t\t\t<div class=\"elementor-element elementor-element-7be5041 elementor-arrows-position-outside elementor-widget elementor-widget-image-carousel\" data-id=\"7be5041\" data-element_type=\"widget\" data-e-type=\"widget\" data-settings=\"{&quot;slides_to_show&quot;:&quot;1&quot;,&quot;navigation&quot;:&quot;arrows&quot;,&quot;autoplay&quot;:&quot;yes&quot;,&quot;pause_on_hover&quot;:&quot;yes&quot;,&quot;pause_on_interaction&quot;:&quot;yes&quot;,&quot;autoplay_speed&quot;:5000,&quot;infinite&quot;:&quot;yes&quot;,&quot;effect&quot;:&quot;slide&quot;,&quot;speed&quot;:500}\" data-widget_type=\"image-carousel.default\">\n\t\t\t\t\t\t\t<div class=\"elementor-image-carousel-wrapper swiper\" role=\"region\" aria-roledescription=\"carousel\" aria-label=\"Carrusel de im\u00e1genes\" dir=\"ltr\">\n\t\t\t<div class=\"elementor-image-carousel swiper-wrapper\" aria-live=\"off\">\n\t\t\t\t\t\t\t\t<div class=\"swiper-slide\" role=\"group\" aria-roledescription=\"slide\" aria-label=\"1 de 8\"><figure class=\"swiper-slide-inner\"><img decoding=\"async\" class=\"swiper-slide-image\" src=\"https:\/\/cohencalderonsoluciones.com\/wp-content\/uploads\/elementor\/thumbs\/WhatsApp-Image-2025-10-29-at-18.41.38-rdz6g82s6uszw89muruxl2njfwc8r6z7vkp9h4vas8.jpeg\" alt=\"\" \/><\/figure><\/div><div class=\"swiper-slide\" role=\"group\" aria-roledescription=\"slide\" aria-label=\"2 de 8\"><figure class=\"swiper-slide-inner\"><img decoding=\"async\" class=\"swiper-slide-image\" src=\"https:\/\/cohencalderonsoluciones.com\/wp-content\/uploads\/elementor\/thumbs\/WhatsApp-Image-2025-10-29-at-18.41.38-2-rdz6g0k2o6ipbckk2olx14juotdb1m5d6jhdmx6g60.jpeg\" alt=\"WhatsApp Image 2025-10-29 at 18.41.38 (2)\" \/><\/figure><\/div><div class=\"swiper-slide\" role=\"group\" aria-roledescription=\"slide\" aria-label=\"3 de 8\"><figure class=\"swiper-slide-inner\"><img decoding=\"async\" class=\"swiper-slide-image\" src=\"https:\/\/cohencalderonsoluciones.com\/wp-content\/uploads\/elementor\/thumbs\/WhatsApp-Image-2025-10-29-at-18.41.39-rdz6ft1d5i8eqgvhalcwh6g5xqedc1bihi9hsphljs.jpeg\" alt=\"\" \/><\/figure><\/div><div class=\"swiper-slide\" role=\"group\" aria-roledescription=\"slide\" aria-label=\"4 de 8\"><figure class=\"swiper-slide-inner\"><img decoding=\"async\" class=\"swiper-slide-image\" src=\"https:\/\/cohencalderonsoluciones.com\/wp-content\/uploads\/elementor\/thumbs\/WhatsApp-Image-2025-10-29-at-18.41.38-4-rdz6g4bffinulsf3gq8fb3lp2curwekaj23bk10vh4.jpeg\" alt=\"\" \/><\/figure><\/div><div class=\"swiper-slide\" role=\"group\" aria-roledescription=\"slide\" aria-label=\"5 de 8\"><figure class=\"swiper-slide-inner\"><img decoding=\"async\" class=\"swiper-slide-image\" src=\"https:\/\/cohencalderonsoluciones.com\/wp-content\/uploads\/elementor\/thumbs\/WhatsApp-Image-2025-10-29-at-18.41.38-5-e1761841891430-rdz6jazqlb0ty7siv3swranxjd5jzh7jmtok3saue0.jpeg\" alt=\"\" \/><\/figure><\/div><div class=\"swiper-slide\" role=\"group\" aria-roledescription=\"slide\" aria-label=\"6 de 8\"><figure class=\"swiper-slide-inner\"><img decoding=\"async\" class=\"swiper-slide-image\" src=\"https:\/\/cohencalderonsoluciones.com\/wp-content\/uploads\/elementor\/thumbs\/WhatsApp-Image-2025-10-29-at-18.41.39-2-rdz6fwspwudk0wq0omzer5i0b9vu6tqfu0vfptc0uw.jpeg\" alt=\"\" \/><\/figure><\/div><div class=\"swiper-slide\" role=\"group\" aria-roledescription=\"slide\" aria-label=\"7 de 8\"><figure class=\"swiper-slide-inner\"><img decoding=\"async\" class=\"swiper-slide-image\" src=\"https:\/\/cohencalderonsoluciones.com\/wp-content\/uploads\/elementor\/thumbs\/WhatsApp-Image-2025-10-29-at-18.41.39-1-rdz6fux1j6azdosqzm65m5z34i53rfiz5rkgr9et7c.jpeg\" alt=\"\" \/><\/figure><\/div><div class=\"swiper-slide\" role=\"group\" aria-roledescription=\"slide\" aria-label=\"8 de 8\"><figure class=\"swiper-slide-inner\"><img decoding=\"async\" class=\"swiper-slide-image\" src=\"https:\/\/cohencalderonsoluciones.com\/wp-content\/uploads\/elementor\/thumbs\/WhatsApp-Image-2025-10-29-at-18.41.38-6-rdz6fr5oru5u38y7lkjnc6x8qynmwn41t8yiu5kdw8.jpeg\" alt=\"\" \/><\/figure><\/div>\t\t\t<\/div>\n\t\t\t\t\t\t\t\t\t\t\t\t<div class=\"elementor-swiper-button elementor-swiper-button-prev\" role=\"button\" tabindex=\"0\">\n\t\t\t\t\t\t<svg aria-hidden=\"true\" class=\"e-font-icon-svg e-eicon-chevron-left\" viewbox=\"0 0 1000 1000\" xmlns=\"http:\/\/www.w3.org\/2000\/svg\"><path d=\"M646 125C629 125 613 133 604 142L308 442C296 454 292 471 292 487 292 504 296 521 308 533L604 854C617 867 629 875 646 875 663 875 679 871 692 858 704 846 713 829 713 812 713 796 708 779 692 767L438 487 692 225C700 217 708 204 708 187 708 171 704 154 692 142 675 129 663 125 646 125Z\"><\/path><\/svg>\t\t\t\t\t<\/div>\n\t\t\t\t\t<div class=\"elementor-swiper-button elementor-swiper-button-next\" role=\"button\" tabindex=\"0\">\n\t\t\t\t\t\t<svg aria-hidden=\"true\" class=\"e-font-icon-svg e-eicon-chevron-right\" viewbox=\"0 0 1000 1000\" xmlns=\"http:\/\/www.w3.org\/2000\/svg\"><path d=\"M696 533C708 521 713 504 713 487 713 471 708 454 696 446L400 146C388 133 375 125 354 125 338 125 325 129 313 142 300 154 292 171 292 187 292 204 296 221 308 233L563 492 304 771C292 783 288 800 288 817 288 833 296 850 308 863 321 871 338 875 354 875 371 875 388 867 400 854L696 533Z\"><\/path><\/svg>\t\t\t\t\t<\/div>\n\t\t\t\t\n\t\t\t\t\t\t\t\t\t<\/div>\n\t\t\t\t\t\t<\/div>\n\t\t\t\t<\/div>\n\t\t<div class=\"elementor-element elementor-element-b18fa75 e-con-full e-flex e-con e-child\" data-id=\"b18fa75\" data-element_type=\"container\" data-e-type=\"container\">\n\t\t\t\t<div class=\"elementor-element elementor-element-f2b6411 elementor-widget elementor-widget-heading\" data-id=\"f2b6411\" data-element_type=\"widget\" data-e-type=\"widget\" data-widget_type=\"heading.default\">\n\t\t\t\t\t<h2 class=\"elementor-heading-title elementor-size-default\">About us<\/h2>\t\t\t\t<\/div>\n\t\t\t\t<div class=\"elementor-element elementor-element-537a677 elementor-widget elementor-widget-text-editor\" data-id=\"537a677\" data-element_type=\"widget\" data-e-type=\"widget\" data-widget_type=\"text-editor.default\">\n\t\t\t\t\t\t\t\t\t<p data-start=\"0\" data-end=\"441\">We are a company specializing in finding solutions for businesses and individuals. We build industrial cold storage rooms from scratch, modify panels and chambers, install cold storage doors (including high-speed and fire-resistant doors), dismantle workshops, build storage units from scratch, carry out complete renovations, renovate commercial premises, paint floors and facades, build swimming pools from scratch, install gutters, apply epoxy paint, and maintain buildings and surfaces.<\/p><p data-start=\"443\" data-end=\"606\" data-is-last-node=\"\" data-is-only-node=\"\">Cohen Calder\u00f3n Soluciones S.L., despite being a young company, stands out for seeking the best solutions for our clients in terms of quality and price.<\/p>\t\t\t\t\t\t\t\t<\/div>\n\t\t\t\t<\/div>\n\t\t\t\t\t<\/div>\n\t\t\t\t<\/div>\n\t\t<div class=\"elementor-element elementor-element-02db45a e-con-full e-flex e-con e-parent\" data-id=\"02db45a\" data-element_type=\"container\" data-e-type=\"container\" data-settings=\"{&quot;background_background&quot;:&quot;classic&quot;}\">\n\t\t\t\t<div class=\"elementor-element elementor-element-87e4667 elementor-cta--skin-cover elementor-animated-content elementor-bg-transform elementor-bg-transform-zoom-in elementor-widget elementor-widget-call-to-action\" data-id=\"87e4667\" data-element_type=\"widget\" data-e-type=\"widget\" data-widget_type=\"call-to-action.default\">\n\t\t\t\t\t\t\t<div class=\"elementor-cta\">\n\t\t\t\t\t<div class=\"elementor-cta__bg-wrapper\">\n\t\t\t\t<div class=\"elementor-cta__bg elementor-bg\" style=\"background-image: url(https:\/\/cohencalderonsoluciones.com\/wp-content\/uploads\/2025\/10\/32b889f5-b0bc-4236-a401-3658c786d64e-Cohen-Calderon-soluciones-S.L-1024x576.jpeg);\" role=\"img\" aria-label=\"32b889f5-b0bc-4236-a401-3658c786d64e - Cohen Calderon soluciones S.L\"><\/div>\n\t\t\t\t<div class=\"elementor-cta__bg-overlay\"><\/div>\n\t\t\t<\/div>\n\t\t\t\t\t\t\t<div class=\"elementor-cta__content\">\n\t\t\t\t\n\t\t\t\t\t\t\t\t\t<h2 class=\"elementor-cta__title elementor-cta__content-item elementor-content-item elementor-animated-item--grow\">\n\t\t\t\t\t\tTrust the experts!\t\t\t\t\t<\/h2>\n\t\t\t\t\n\t\t\t\t\t\t\t\t\t<div class=\"elementor-cta__description elementor-cta__content-item elementor-content-item elementor-animated-item--grow\">\n\t\t\t\t\t\tLeave your projects in our hands and don't worry about the rest!\t\t\t\t\t<\/div>\n\t\t\t\t\n\t\t\t\t\t\t\t\t\t<div class=\"elementor-cta__button-wrapper elementor-cta__content-item elementor-content-item elementor-animated-item--grow\">\n\t\t\t\t\t<a class=\"elementor-cta__button elementor-button elementor-size-\" href=\"https:\/\/cohencalderonsoluciones.com\/en\/servicios\/\">\n\t\t\t\t\t\tServices\t\t\t\t\t<\/a>\n\t\t\t\t\t<\/div>\n\t\t\t\t\t\t\t<\/div>\n\t\t\t\t\t\t<\/div>\n\t\t\t\t\t\t<\/div>\n\t\t\t\t<\/div>\n\t\t\t\t<\/div>","protected":false},"excerpt":{"rendered":"<p>Cohen Calderon Soluciones S.L Sobre nosotros Somos una empresa especializada en buscar soluciones para empresas y particulares. Nos dedicamos a hacer c\u00e1maras frigor\u00edficas industriales desde cero, modificaciones de paneles y c\u00e1maras, puertas frigor\u00edficas, r\u00e1pidas, corta fuego, desmontaje de obradores, trasteros desde cero, reformas integrales, reforma de locales, pintura de pisos y fachadas, piscinas desde cero, [&hellip;]<\/p>\n","protected":false},"author":1,"featured_media":0,"parent":0,"menu_order":0,"comment_status":"closed","ping_status":"closed","template":"elementor_canvas","meta":{"footnotes":""},"class_list":["post-2","page","type-page","status-publish","hentry"],"yoast_head":"<!-- This site is optimized with the Yoast SEO plugin v27.3 - https:\/\/yoast.com\/product\/yoast-seo-wordpress\/ -->\n<title>Inicio - Cohen Calderon Soluciones<\/title>\n<meta name=\"robots\" content=\"index, follow, max-snippet:-1, max-image-preview:large, max-video-preview:-1\" \/>\n<link rel=\"canonical\" href=\"https:\/\/cohencalderonsoluciones.com\/en\/\" \/>\n<meta property=\"og:locale\" content=\"en_US\" \/>\n<meta property=\"og:type\" content=\"article\" \/>\n<meta property=\"og:title\" content=\"Inicio - Cohen Calderon Soluciones\" \/>\n<meta property=\"og:description\" content=\"Cohen Calderon Soluciones S.L Sobre nosotros Somos una empresa especializada en buscar soluciones para empresas y particulares. Nos dedicamos a hacer c\u00e1maras frigor\u00edficas industriales desde cero, modificaciones de paneles y c\u00e1maras, puertas frigor\u00edficas, r\u00e1pidas, corta fuego, desmontaje de obradores, trasteros desde cero, reformas integrales, reforma de locales, pintura de pisos y fachadas, piscinas desde cero, [&hellip;]\" \/>\n<meta property=\"og:url\" content=\"https:\/\/cohencalderonsoluciones.com\/en\/\" \/>\n<meta property=\"og:site_name\" content=\"Cohen Calderon Soluciones\" \/>\n<meta property=\"article:modified_time\" content=\"2025-10-30T16:35:08+00:00\" \/>\n<meta property=\"og:image\" content=\"https:\/\/cohencalderonsoluciones.com\/wp-content\/uploads\/elementor\/thumbs\/WhatsApp-Image-2025-10-29-at-18.41.38-rdz6g82s6uszw89muruxl2njfwc8r6z7vkp9h4vas8.jpeg\" \/>\n<meta name=\"twitter:card\" content=\"summary_large_image\" \/>\n<meta name=\"twitter:label1\" content=\"Est. reading time\" \/>\n\t<meta name=\"twitter:data1\" content=\"3 minutes\" \/>\n<script type=\"application\/ld+json\" class=\"yoast-schema-graph\">{\"@context\":\"https:\\\/\\\/schema.org\",\"@graph\":[{\"@type\":\"WebPage\",\"@id\":\"https:\\\/\\\/cohencalderonsoluciones.com\\\/\",\"url\":\"https:\\\/\\\/cohencalderonsoluciones.com\\\/\",\"name\":\"Inicio - Cohen Calderon Soluciones\",\"isPartOf\":{\"@id\":\"https:\\\/\\\/cohencalderonsoluciones.com\\\/#website\"},\"primaryImageOfPage\":{\"@id\":\"https:\\\/\\\/cohencalderonsoluciones.com\\\/#primaryimage\"},\"image\":{\"@id\":\"https:\\\/\\\/cohencalderonsoluciones.com\\\/#primaryimage\"},\"thumbnailUrl\":\"https:\\\/\\\/cohencalderonsoluciones.com\\\/wp-content\\\/uploads\\\/elementor\\\/thumbs\\\/WhatsApp-Image-2025-10-29-at-18.41.38-rdz6g82s6uszw89muruxl2njfwc8r6z7vkp9h4vas8.jpeg\",\"datePublished\":\"2025-10-28T05:53:04+00:00\",\"dateModified\":\"2025-10-30T16:35:08+00:00\",\"breadcrumb\":{\"@id\":\"https:\\\/\\\/cohencalderonsoluciones.com\\\/#breadcrumb\"},\"inLanguage\":\"en-US\",\"potentialAction\":[{\"@type\":\"ReadAction\",\"target\":[\"https:\\\/\\\/cohencalderonsoluciones.com\\\/\"]}]},{\"@type\":\"ImageObject\",\"inLanguage\":\"en-US\",\"@id\":\"https:\\\/\\\/cohencalderonsoluciones.com\\\/#primaryimage\",\"url\":\"https:\\\/\\\/cohencalderonsoluciones.com\\\/wp-content\\\/uploads\\\/elementor\\\/thumbs\\\/WhatsApp-Image-2025-10-29-at-18.41.38-rdz6g82s6uszw89muruxl2njfwc8r6z7vkp9h4vas8.jpeg\",\"contentUrl\":\"https:\\\/\\\/cohencalderonsoluciones.com\\\/wp-content\\\/uploads\\\/elementor\\\/thumbs\\\/WhatsApp-Image-2025-10-29-at-18.41.38-rdz6g82s6uszw89muruxl2njfwc8r6z7vkp9h4vas8.jpeg\"},{\"@type\":\"BreadcrumbList\",\"@id\":\"https:\\\/\\\/cohencalderonsoluciones.com\\\/#breadcrumb\",\"itemListElement\":[{\"@type\":\"ListItem\",\"position\":1,\"name\":\"Portada\",\"item\":\"https:\\\/\\\/cohencalderonsoluciones.com\\\/\"},{\"@type\":\"ListItem\",\"position\":2,\"name\":\"Inicio\"}]},{\"@type\":\"WebSite\",\"@id\":\"https:\\\/\\\/cohencalderonsoluciones.com\\\/#website\",\"url\":\"https:\\\/\\\/cohencalderonsoluciones.com\\\/\",\"name\":\"Cohen Calderon Soluciones\",\"description\":\"SOLUCIONES PARA EMPRESAS\",\"publisher\":{\"@id\":\"https:\\\/\\\/cohencalderonsoluciones.com\\\/#organization\"},\"potentialAction\":[{\"@type\":\"SearchAction\",\"target\":{\"@type\":\"EntryPoint\",\"urlTemplate\":\"https:\\\/\\\/cohencalderonsoluciones.com\\\/?s={search_term_string}\"},\"query-input\":{\"@type\":\"PropertyValueSpecification\",\"valueRequired\":true,\"valueName\":\"search_term_string\"}}],\"inLanguage\":\"en-US\"},{\"@type\":\"Organization\",\"@id\":\"https:\\\/\\\/cohencalderonsoluciones.com\\\/#organization\",\"name\":\"Cohen Calderon Soluciones\",\"url\":\"https:\\\/\\\/cohencalderonsoluciones.com\\\/\",\"logo\":{\"@type\":\"ImageObject\",\"inLanguage\":\"en-US\",\"@id\":\"https:\\\/\\\/cohencalderonsoluciones.com\\\/#\\\/schema\\\/logo\\\/image\\\/\",\"url\":\"https:\\\/\\\/cohencalderonsoluciones.com\\\/wp-content\\\/uploads\\\/2025\\\/10\\\/cropped-B19909795_logo-2.png\",\"contentUrl\":\"https:\\\/\\\/cohencalderonsoluciones.com\\\/wp-content\\\/uploads\\\/2025\\\/10\\\/cropped-B19909795_logo-2.png\",\"width\":345,\"height\":263,\"caption\":\"Cohen Calderon Soluciones\"},\"image\":{\"@id\":\"https:\\\/\\\/cohencalderonsoluciones.com\\\/#\\\/schema\\\/logo\\\/image\\\/\"}}]}<\/script>\n<!-- \/ Yoast SEO plugin. -->","yoast_head_json":{"title":"Inicio - Cohen Calderon Soluciones","robots":{"index":"index","follow":"follow","max-snippet":"max-snippet:-1","max-image-preview":"max-image-preview:large","max-video-preview":"max-video-preview:-1"},"canonical":"https:\/\/cohencalderonsoluciones.com\/en\/","og_locale":"en_US","og_type":"article","og_title":"Inicio - Cohen Calderon Soluciones","og_description":"Cohen Calderon Soluciones S.L Sobre nosotros Somos una empresa especializada en buscar soluciones para empresas y particulares. Nos dedicamos a hacer c\u00e1maras frigor\u00edficas industriales desde cero, modificaciones de paneles y c\u00e1maras, puertas frigor\u00edficas, r\u00e1pidas, corta fuego, desmontaje de obradores, trasteros desde cero, reformas integrales, reforma de locales, pintura de pisos y fachadas, piscinas desde cero, [&hellip;]","og_url":"https:\/\/cohencalderonsoluciones.com\/en\/","og_site_name":"Cohen Calderon Soluciones","article_modified_time":"2025-10-30T16:35:08+00:00","og_image":[{"url":"https:\/\/cohencalderonsoluciones.com\/wp-content\/uploads\/elementor\/thumbs\/WhatsApp-Image-2025-10-29-at-18.41.38-rdz6g82s6uszw89muruxl2njfwc8r6z7vkp9h4vas8.jpeg","type":"","width":"","height":""}],"twitter_card":"summary_large_image","twitter_misc":{"Est. reading time":"3 minutes"},"schema":{"@context":"https:\/\/schema.org","@graph":[{"@type":"WebPage","@id":"https:\/\/cohencalderonsoluciones.com\/","url":"https:\/\/cohencalderonsoluciones.com\/","name":"Inicio - Cohen Calderon Soluciones","isPartOf":{"@id":"https:\/\/cohencalderonsoluciones.com\/#website"},"primaryImageOfPage":{"@id":"https:\/\/cohencalderonsoluciones.com\/#primaryimage"},"image":{"@id":"https:\/\/cohencalderonsoluciones.com\/#primaryimage"},"thumbnailUrl":"https:\/\/cohencalderonsoluciones.com\/wp-content\/uploads\/elementor\/thumbs\/WhatsApp-Image-2025-10-29-at-18.41.38-rdz6g82s6uszw89muruxl2njfwc8r6z7vkp9h4vas8.jpeg","datePublished":"2025-10-28T05:53:04+00:00","dateModified":"2025-10-30T16:35:08+00:00","breadcrumb":{"@id":"https:\/\/cohencalderonsoluciones.com\/#breadcrumb"},"inLanguage":"en-US","potentialAction":[{"@type":"ReadAction","target":["https:\/\/cohencalderonsoluciones.com\/"]}]},{"@type":"ImageObject","inLanguage":"en-US","@id":"https:\/\/cohencalderonsoluciones.com\/#primaryimage","url":"https:\/\/cohencalderonsoluciones.com\/wp-content\/uploads\/elementor\/thumbs\/WhatsApp-Image-2025-10-29-at-18.41.38-rdz6g82s6uszw89muruxl2njfwc8r6z7vkp9h4vas8.jpeg","contentUrl":"https:\/\/cohencalderonsoluciones.com\/wp-content\/uploads\/elementor\/thumbs\/WhatsApp-Image-2025-10-29-at-18.41.38-rdz6g82s6uszw89muruxl2njfwc8r6z7vkp9h4vas8.jpeg"},{"@type":"BreadcrumbList","@id":"https:\/\/cohencalderonsoluciones.com\/#breadcrumb","itemListElement":[{"@type":"ListItem","position":1,"name":"Portada","item":"https:\/\/cohencalderonsoluciones.com\/"},{"@type":"ListItem","position":2,"name":"Inicio"}]},{"@type":"WebSite","@id":"https:\/\/cohencalderonsoluciones.com\/#website","url":"https:\/\/cohencalderonsoluciones.com\/","name":"Cohen Calderon Soluciones","description":"SOLUCIONES PARA EMPRESAS","publisher":{"@id":"https:\/\/cohencalderonsoluciones.com\/#organization"},"potentialAction":[{"@type":"SearchAction","target":{"@type":"EntryPoint","urlTemplate":"https:\/\/cohencalderonsoluciones.com\/?s={search_term_string}"},"query-input":{"@type":"PropertyValueSpecification","valueRequired":true,"valueName":"search_term_string"}}],"inLanguage":"en-US"},{"@type":"Organization","@id":"https:\/\/cohencalderonsoluciones.com\/#organization","name":"Cohen Calderon Soluciones","url":"https:\/\/cohencalderonsoluciones.com\/","logo":{"@type":"ImageObject","inLanguage":"en-US","@id":"https:\/\/cohencalderonsoluciones.com\/#\/schema\/logo\/image\/","url":"https:\/\/cohencalderonsoluciones.com\/wp-content\/uploads\/2025\/10\/cropped-B19909795_logo-2.png","contentUrl":"https:\/\/cohencalderonsoluciones.com\/wp-content\/uploads\/2025\/10\/cropped-B19909795_logo-2.png","width":345,"height":263,"caption":"Cohen Calderon Soluciones"},"image":{"@id":"https:\/\/cohencalderonsoluciones.com\/#\/schema\/logo\/image\/"}}]}},"_links":{"self":[{"href":"https:\/\/cohencalderonsoluciones.com\/en\/wp-json\/wp\/v2\/pages\/2","targetHints":{"allow":["GET"]}}],"collection":[{"href":"https:\/\/cohencalderonsoluciones.com\/en\/wp-json\/wp\/v2\/pages"}],"about":[{"href":"https:\/\/cohencalderonsoluciones.com\/en\/wp-json\/wp\/v2\/types\/page"}],"author":[{"embeddable":true,"href":"https:\/\/cohencalderonsoluciones.com\/en\/wp-json\/wp\/v2\/users\/1"}],"replies":[{"embeddable":true,"href":"https:\/\/cohencalderonsoluciones.com\/en\/wp-json\/wp\/v2\/comments?post=2"}],"version-history":[{"count":46,"href":"https:\/\/cohencalderonsoluciones.com\/en\/wp-json\/wp\/v2\/pages\/2\/revisions"}],"predecessor-version":[{"id":265,"href":"https:\/\/cohencalderonsoluciones.com\/en\/wp-json\/wp\/v2\/pages\/2\/revisions\/265"}],"wp:attachment":[{"href":"https:\/\/cohencalderonsoluciones.com\/en\/wp-json\/wp\/v2\/media?parent=2"}],"curies":[{"name":"wp","href":"https:\/\/api.w.org\/{rel}","templated":true}]}}